{"id":593,"date":"2024-07-02T15:13:14","date_gmt":"2024-07-02T15:13:14","guid":{"rendered":"http:\/\/www.livingaltar.pt\/?page_id=593"},"modified":"2024-07-02T15:56:00","modified_gmt":"2024-07-02T15:56:00","slug":"politica-de-protecao-de-dados","status":"publish","type":"page","link":"http:\/\/www.livingaltar.pt\/?page_id=593","title":{"rendered":"Pol\u00edtica de Prote\u00e7\u00e3o de Dados"},"content":{"rendered":"<p>POL\u00cdTICA de PRIVACIDADE<\/p>\n<p>Respeitamos a sua privacidade.<br \/>\nTemos salvaguardas que impedem qualquer pessoa de aceder aos seus dados pessoais.<br \/>\nN\u00e3o divulgamos dados pessoais a terceiros.<\/p>\n<p>Living Altar est\u00e1 empenhado em garantir que a privacidade dos seus utilizadores e visitantes do seu Website est\u00e1 protegida. Assim, esta Pol\u00edtica de Privacidade estabelece o compromisso de Living Altar com os seus visitantes quanto \u00e0 prote\u00e7\u00e3o de dados pessoais, informando sobre o tratamento que realiza com os seus dados, assim como os direitos que lhes reconhece enquanto titulares dos dados, no cumprimento do Regulamento (UE) 2016\/679 (Regulamento Geral sobre a Prote\u00e7\u00e3o de Dados \u2013 RGPD) e da legisla\u00e7\u00e3o de prote\u00e7\u00e3o de dados aplic\u00e1vel.<\/p>\n<p>A Pol\u00edtica de Privacidade aplica-se exclusivamente ao tratamento de dados pessoais efetuados por Living Altar no contexto das finalidades aqui previstas, nas quais se considera dado pessoal a informa\u00e7\u00e3o relativa a uma pessoa singular, de qualquer natureza e independente do respetivo suporte, que identifique ou permita identificar essa pessoa.<\/p>\n<p>Os utilizadores podem encontrar no nosso Website links para outros Sites, ou outros conte\u00fados, ligados a sites e servi\u00e7os de terceiros.Esses sites e servi\u00e7os t\u00eam suas pr\u00f3prias pol\u00edticas de privacidade. Navegar e interagir em qualquer outro site, incluindo sites que tenham um link para o Website www.livingaltar.pt, est\u00e1 sujeito aos pr\u00f3prios termos e pol\u00edticas do mesmo.<\/p>\n<p>A utiliza\u00e7\u00e3o deste site implica a aceita\u00e7\u00e3o desta Pol\u00edtica de Privacidade.<\/p>\n<p>1. Respons\u00e1vel pelo tratamento dos dados pessoais<br \/>\nLiving Altar \u00e9 a entidade respons\u00e1vel pelo tratamento dos dados pessoais dos visitantes deste site. Para quaisquer d\u00favidas relativas aos seus dados pessoais, pode contactar-nos pelos seguintes meios:<\/p>\n<p>ana.paula.a.martins@gmail.com<br \/>\ndarshana@livingaltar.pt<\/p>\n<p>2. Forma de recolha dos dados pessoais<br \/>\nOs seus dados pessoais s\u00e3o recolhidos atrav\u00e9s de formul\u00e1rios neste site, sejam de contacto, ou de registo, cujo preenchimento \u00e9 volunt\u00e1rio.<\/p>\n<p>3. Dados pessoais recolhidos<br \/>\nLiving Altar pode recolher v\u00e1rios dados pessoais consoante a finalidade, tais como nome, email, telefone e morada para envio de Comunica\u00e7\u00e3o relacionada com as Pr\u00e1ticas inerentes ao website; A\u00e7\u00f5es de comunica\u00e7\u00e3o e divulga\u00e7\u00e3o de Eventos, Promo\u00e7\u00f5es, e Not\u00edcias, entre outros.<br \/>\nEste site utiliza tamb\u00e9m cookies, descritos em detalhe mais abaixo.<\/p>\n<p>4. Finalidade dos dados pessoais<br \/>\nAl\u00e9m das finalidades acima descritas, os dados recolhidos destinam-se, de uma forma geral, \u00e0 gest\u00e3o da rela\u00e7\u00e3o associativa, e \u00e0 adequa\u00e7\u00e3o da comunica\u00e7\u00e3o de Living Altar \u00e0s necessidades e interesses do utilizador, visando:<\/p>\n<p>&#8211; A melhoria do Website;<br \/>\n&#8211; A personaliza\u00e7\u00e3o da experi\u00eancia do visitante;<br \/>\n&#8211; A elabora\u00e7\u00e3o de promo\u00e7\u00f5es, concursos, ou outros;<br \/>\n&#8211; O envio de informa\u00e7\u00e3o sobre temas potencialmente do interesse do visitante \/ utilizador;<br \/>\n&#8211; O envio de informa\u00e7\u00f5es e atualiza\u00e7\u00f5es de informa\u00e7\u00e3o;<br \/>\n&#8211; Dar resposta \u00e0s perguntas e outras solicita\u00e7\u00f5es dos visitantes \/ utilizadores.<\/p>\n<p>Se o visitante \/ utilizador decidir que quer fazer parte da nossa lista de e-mails, receber\u00e1 e-mails que podem incluir not\u00edcias\/atualiza\u00e7\u00f5es ou informa\u00e7\u00f5es sobre atividades, etc. Se a qualquer momento o utilizador desejar cancelar o recebimento dos e-mails, as instru\u00e7\u00f5es de cancelamento da inscri\u00e7\u00e3o encontram-se na parte inferior de cada e-mail.<\/p>\n<p>5. Seguran\u00e7a dos dados pessoais<br \/>\nLiving Altar compromete-se a tratar apenas os dados pessoais que sejam estritamente necess\u00e1rios \u00e0 execu\u00e7\u00e3o das finalidades acima descritas, e envidar\u00e1 todos os esfor\u00e7os para garantir a seguran\u00e7a e a prote\u00e7\u00e3o dos dados pessoais, incluindo medidas administrativas e t\u00e9cnicas para impedir o acesso aos seus dados, a sua utiliza\u00e7\u00e3o indevida, ou a sua divulga\u00e7\u00e3o n\u00e3o autorizada.<\/p>\n<p>6. Tempo de conserva\u00e7\u00e3o dos dados pessoais<br \/>\nPara fins de comunica\u00e7\u00e3o relacionada com as atividades inerentes a Living Altar, a\u00e7\u00f5es de comunica\u00e7\u00e3o e divulga\u00e7\u00e3o de Eventos, Promo\u00e7\u00f5es, e Not\u00edcias, entre outros de informa\u00e7\u00e3o e promo\u00e7\u00e3o, os seus dados pessoais ser\u00e3o conservados at\u00e9 que seja retirado o consentimento, dentro dos limites legais.<br \/>\nPara outras finalidades, Living Altar conservar\u00e1 os seus dados pessoais durante o per\u00edodo necess\u00e1rio para cumprir a finalidade para a qual tiverem sido recolhidos, ap\u00f3s o qual os seus dados pessoais ser\u00e3o eliminados.<br \/>\nPoder\u00e3o existir requisitos legais ou fiscais que obriguem a conservar certos dados pessoais por algum per\u00edodo de tempo. Nesses casos, tratando-se de uma obriga\u00e7\u00e3o legal ou fiscal, Living Altar ter\u00e1 de respeitar esse per\u00edodo m\u00ednimo de conserva\u00e7\u00e3o.<br \/>\nTerminado o prazo m\u00e1ximo de conserva\u00e7\u00e3o, Living Altar compromete-se a eliminar, destruir ou anonimizar os seus dados pessoais.<\/p>\n<p>7. Partilha dos dados pessoais<br \/>\nNa Equipa de Living Altar t\u00eam acesso aos seus dados pessoais os colaboradores que deles necessitam para cumprir as dilig\u00eancias necess\u00e1rias.<br \/>\nCaso os dados pessoais sejam tratados por outras entidades para assegurar a presta\u00e7\u00e3o do servi\u00e7o, Living Altar exigir\u00e1 a tais entidades o mesmo n\u00edvel de privacidade e seguran\u00e7a quanto aos seus dados pessoais.<br \/>\nPara o estrito cumprimento de obriga\u00e7\u00f5es legais ou fiscais, os seus dados pessoais poder\u00e3o ser transmitidos a outras entidades, por exemplo tribunais ou organismos p\u00fablicos.<br \/>\nLiving Altar n\u00e3o partilha, em caso algum, os seus dados pessoais com outras empresas ou marcas para fins comerciais.<\/p>\n<p>8. Consentimento dos dados pessoais<br \/>\nNos termos da lei, \u00e9 garantido ao titular dos dados o direito de acesso, retifica\u00e7\u00e3o, limita\u00e7\u00e3o ou oposi\u00e7\u00e3o ao tratamento, portabilidade ou esquecimento dos seus dados pessoais. O exerc\u00edcio destes direitos poder\u00e1 estar sujeito a limita\u00e7\u00f5es previstas nos termos da lei.<br \/>\nPara exercer qualquer um destes direitos, basta contactar-nos atrav\u00e9s de ana.paula.a.martins@gmail.com.<br \/>\nLiving Altar analisar\u00e1 cuidadosamente o seu pedido, comprometendo-se a dar resposta em tempo oportuno.<\/p>\n<p>9. Autoridade competente<br \/>\nTer\u00e1 tamb\u00e9m sempre o direito de apresentar reclama\u00e7\u00e3o junto da autoridade competente:<br \/>\nComiss\u00e3o Nacional de Prote\u00e7\u00e3o de Dados \u2013 CNPD \u2013 https:\/\/www.cnpd.pt .<\/p>\n<p>10. Cookies<br \/>\nCookies s\u00e3o pequenos ficheiros ou pacotes de dados trocados entre o site e o seu browser (navegador). Este site pode usar v\u00e1rios tipos de cookies:<br \/>\n&#8211; Cookies de sess\u00e3o: s\u00e3o cookies tempor\u00e1rios, que n\u00e3o ficam guardados no computador ap\u00f3s sair do site, e que servem para analisar padr\u00f5es de tr\u00e1fego, permitindo-nos melhorar o conte\u00fado e a usabilidade do site.<br \/>\n&#8211; Cookies anal\u00edticos: s\u00e3o utilizados anonimamente para efeitos estat\u00edsticos, sendo tratados por n\u00f3s ou por terceiros, com o objetivo de analisar padr\u00f5es de navega\u00e7\u00e3o no site, e melhorar o fornecimento de produtos ou servi\u00e7os.<br \/>\n&#8211; Cookies funcionais: guardam prefer\u00eancias do utilizador relativamente \u00e0 utiliza\u00e7\u00e3o do site.<br \/>\n&#8211; Cookies publicit\u00e1rios: direcionam a publicidade em fun\u00e7\u00e3o dos interesses do utilizador, ajudando a medir a sua efic\u00e1cia, evitando a exibi\u00e7\u00e3o de an\u00fancios duplicados, etc.<\/p>\n<p>11. Gest\u00e3o de cookies<br \/>\nOs browsers (navegadores) permitem ao utilizador aceitar, recusar ou apagar cookies atrav\u00e9s das suas defini\u00e7\u00f5es avan\u00e7adas. \u00c9 geralmente poss\u00edvel geri-las no menu \u201cOp\u00e7\u00f5es\u201d ou \u201cPrefer\u00eancias\u201d. Tenha em conta que ao desativar os cookies pode impedir que algumas p\u00e1ginas ou servi\u00e7os do site funcionem corretamente.<\/p>\n<p>12. Atualiza\u00e7\u00e3o desta Pol\u00edtica de Privacidade<br \/>\nA presente Pol\u00edtica de Privacidade pode ser revista e atualizada a qualquer altura, estando a \u00faltima vers\u00e3o sempre publicada no nosso site.<\/p>\n","protected":false},"excerpt":{"rendered":"<p>POL\u00cdTICA de PRIVACIDADE Respeitamos a sua privacidade. Temos salvaguardas que impedem qualquer pessoa de aceder aos seus dados pessoais. N\u00e3o divulgamos dados pessoais a terceiros. Living<span class=\"excerpt-hellip\"> [\u2026]<\/span><\/p>\n","protected":false},"author":1,"featured_media":0,"parent":0,"menu_order":0,"comment_status":"closed","ping_status":"closed","template":"","meta":{"footnotes":""},"post_mailing_queue_ids":[],"_links":{"self":[{"href":"http:\/\/www.livingaltar.pt\/index.php?rest_route=\/wp\/v2\/pages\/593"}],"collection":[{"href":"http:\/\/www.livingaltar.pt\/index.php?rest_route=\/wp\/v2\/pages"}],"about":[{"href":"http:\/\/www.livingaltar.pt\/index.php?rest_route=\/wp\/v2\/types\/page"}],"author":[{"embeddable":true,"href":"http:\/\/www.livingaltar.pt\/index.php?rest_route=\/wp\/v2\/users\/1"}],"replies":[{"embeddable":true,"href":"http:\/\/www.livingaltar.pt\/index.php?rest_route=%2Fwp%2Fv2%2Fcomments&post=593"}],"version-history":[{"count":2,"href":"http:\/\/www.livingaltar.pt\/index.php?rest_route=\/wp\/v2\/pages\/593\/revisions"}],"predecessor-version":[{"id":595,"href":"http:\/\/www.livingaltar.pt\/index.php?rest_route=\/wp\/v2\/pages\/593\/revisions\/595"}],"wp:attachment":[{"href":"http:\/\/www.livingaltar.pt\/index.php?rest_route=%2Fwp%2Fv2%2Fmedia&parent=593"}],"curies":[{"name":"wp","href":"https:\/\/api.w.org\/{rel}","templated":true}]}}